{"id":2991,"date":"2015-04-30T09:18:48","date_gmt":"2015-04-30T09:18:48","guid":{"rendered":"http:\/\/suveri.com.tr\/?page_id=2991"},"modified":"2015-04-30T09:18:48","modified_gmt":"2015-04-30T09:18:48","slug":"projects","status":"publish","type":"page","link":"https:\/\/suveri.com.tr\/en\/projects\/","title":{"rendered":"Projects"},"content":{"rendered":"<div class=\"be-section       clearfix\" data-headerscheme=\"background--dark\" style=\"\"  ><div class=\"be-section-pad clearfix\" style=\"padding-top:32px;padding-bottom:64px;\"><div class=\"be-row be-wrap clearfix zero-bottom\"><div class=\"one-col column-block clearfix    \" data-animation=\"\" style=\"  \"><div class=\"be-custom-column-inner\"><h4>Ongoing Projects<\/h4>\n<\/div><\/div><\/div><div class=\"be-row be-wrap clearfix\"><div class=\"one-half column-block    \" data-animation=\"\" style=\"  \"><div class=\"be-custom-column-inner\"><ul class=\"custom-list\"><li class=\"custom-list-content\"><i class=\"font-icon icon-icon_check_alt2 \" style=\"color:#141414;\"><\/i><span class=\"custom-list-content-inner\">The General Directorate of State Hydraulic Works (DS\u0130) 18th Region Directorate, Burdur City, 4th Part Ponds Map Expropriation Services ( MERKEZ Project)<\/span><\/li><li class=\"custom-list-content\"><i class=\"font-icon icon-icon_check_alt2 \" style=\"color:#141414;\"><\/i><span class=\"custom-list-content-inner\">Ankara Haymana T\u00fcrk\u015ferefli Pond Construction, Map Expropriation Consultancy Services (NET-FA Construction)<\/span><\/li><\/ul><\/div><\/div><div class=\"one-half column-block    \" data-animation=\"\" style=\"  \"><div class=\"be-custom-column-inner\"><ul class=\"custom-list\"><li class=\"custom-list-content\"><i class=\"font-icon icon-icon_check_alt2 \" style=\"color:#141414;\"><\/i><span class=\"custom-list-content-inner\">North Iraq Oil-Wells Transmission Lines Alignment Sheet, As-Built Drawing Works (TTOPCO-YAVUZLAR Construction and Construction Materials Ind.Trade Co. Ltd.)<\/span><\/li><li class=\"custom-list-content\"><i class=\"font-icon icon-icon_check_alt2 \" style=\"color:#141414;\"><\/i><span class=\"custom-list-content-inner\">Cihanbeyli- Energy Transmission Line Mapping Works, Konya Rafined Salt Factory<\/span><\/li><\/ul><\/div><\/div><\/div><\/div><\/div><div class=\"be-section       clearfix\" data-headerscheme=\"background--dark\" style=\"background-color: #f7f7f7;\"  ><div class=\"be-section-pad clearfix\" style=\"padding-top:32px;padding-bottom:64px;\"><div class=\"be-row be-wrap clearfix zero-bottom\"><div class=\"one-col column-block clearfix    \" data-animation=\"\" style=\"  \"><div class=\"be-custom-column-inner\"><h4>Completed Projects<\/h4>\n<\/div><\/div><\/div><div class=\"be-row be-wrap clearfix\"><div class=\"one-half column-block    \" data-animation=\"\" style=\"  \"><div class=\"be-custom-column-inner\"><ul class=\"custom-list\"><li class=\"custom-list-content\"><i class=\"font-icon icon-icon_check_alt2 \" style=\"color:#141414;\"><\/i><span class=\"custom-list-content-inner\">Nabucco Natural Gas Pipeline Project West Part (Ankara to Edirne) Expropriation Supervision Services (SUYAPI Eng.cons.Inc.Co, SEBAT Project Eng.Cons.Trade Co.Ltd.)<\/span><\/li><li class=\"custom-list-content\"><i class=\"font-icon icon-icon_check_alt2 \" style=\"color:#141414;\"><\/i><span class=\"custom-list-content-inner\">NABUCCO Natural Gas Pipeline Project East Part (Ankara to Sivas,550km )Expropriation engineering Services (SEBAT Project Eng.Cons.Trade Co.Ltd.)<\/span><\/li><li class=\"custom-list-content\"><i class=\"font-icon icon-icon_check_alt2 \" style=\"color:#141414;\"><\/i><span class=\"custom-list-content-inner\">Iran Turkey Europe Natural Gas Pipeline Project East Part (Iran Border to Ankara,1100 km ) Expropriation Engineering Services (SEBAT Project Eng.Cons.Trade. Co. Ltd.)<\/span><\/li><\/ul><\/div><\/div><div class=\"one-half column-block    \" data-animation=\"\" style=\"  \"><div class=\"be-custom-column-inner\"><ul class=\"custom-list\"><li class=\"custom-list-content\"><i class=\"font-icon icon-icon_check_alt2 \" style=\"color:#141414;\"><\/i><span class=\"custom-list-content-inner\">Yozgat Sorgun Drinking Water Project Engineering Services, Mapping Services (TEMELSU International Engineering Services Inc.Co.)<\/span><\/li><li class=\"custom-list-content\"><i class=\"font-icon icon-icon_check_alt2 \" style=\"color:#141414;\"><\/i><span class=\"custom-list-content-inner\">G\u00fcm\u00fc\u015fhane Tekke Tm Karamustafa Village, 2inc Mine , 34.5 KW Energy Transmission Line Expropriation Services (YILDIZLAR SSS HOLD\u0130NG)<\/span><\/li><\/ul><\/div><\/div><\/div><\/div><\/div><div class=\"be-section       clearfix\" data-headerscheme=\"background--light\" style=\"border-bottom:px solid #e8e8e8;\"  ><div class=\"be-section-pad clearfix\" style=\"padding-top:0px;padding-bottom:0px;\"><div class=\"be-row  zero-bottom\"><div class=\"one-col column-block clearfix    \" data-animation=\"\" style=\"  \"><div class=\"be-custom-column-inner\"><div class=\"call-to-action be-shortcode clearfix \" data-animation=\"fadeIn\" style=\"background: #9b254e\"><h4 class=\"action-content\" style=\"color:#ffffff;\">Reach us for more information about our services.<\/h4><a class=\"mediumbtn be-button rounded action-button \" href=\"\/contact\"  style=\"border-style: solid; border-width: 2px; border-color: #ffffff; background-color: inherit; color: #ffffff;\" data-bg-color=\"inherit\" data-hover-bg-color=\"#0d398b\" data-color=\"#ffffff\" data-hover-color=\"#ffffff\" data-border-color=\"#ffffff\" data-hover-border-color=\"#0d398b\">Contact<\/a><\/div><\/div><\/div><\/div><\/div><\/div>","protected":false},"excerpt":{"rendered":"<p>Ongoing Projects The General Directorate of State Hydraulic Works (DS\u0130) 18th Region Directorate, Burdur City, 4th Part Ponds Map Expropriation Services ( MERKEZ Project)Ankara Haymana T\u00fcrk\u015ferefli Pond Construction, Map Expropriation [&hellip;]<\/p>\n<p><a href=\"https:\/\/suveri.com.tr\/en\/projects\/\" class=\"more-link style2-button\">Read More<\/a><\/p>","protected":false},"author":1,"featured_media":0,"parent":0,"menu_order":0,"comment_status":"open","ping_status":"open","template":"page-with-title.php","meta":{"footnotes":""},"class_list":["post-2991","page","type-page","status-publish","hentry"],"_links":{"self":[{"href":"https:\/\/suveri.com.tr\/en\/wp-json\/wp\/v2\/pages\/2991"}],"collection":[{"href":"https:\/\/suveri.com.tr\/en\/wp-json\/wp\/v2\/pages"}],"about":[{"href":"https:\/\/suveri.com.tr\/en\/wp-json\/wp\/v2\/types\/page"}],"author":[{"embeddable":true,"href":"https:\/\/suveri.com.tr\/en\/wp-json\/wp\/v2\/users\/1"}],"replies":[{"embeddable":true,"href":"https:\/\/suveri.com.tr\/en\/wp-json\/wp\/v2\/comments?post=2991"}],"version-history":[{"count":0,"href":"https:\/\/suveri.com.tr\/en\/wp-json\/wp\/v2\/pages\/2991\/revisions"}],"wp:attachment":[{"href":"https:\/\/suveri.com.tr\/en\/wp-json\/wp\/v2\/media?parent=2991"}],"curies":[{"name":"wp","href":"https:\/\/api.w.org\/{rel}","templated":true}]}}